{"id":367,"date":"2022-12-31T10:25:22","date_gmt":"2022-12-31T10:25:22","guid":{"rendered":"https:\/\/lux-blanuri.md\/?post_type=product&#038;p=367"},"modified":"2023-01-15T07:52:29","modified_gmt":"2023-01-15T07:52:29","slug":"%d1%88%d1%83%d0%b1%d0%b0-%d0%bd%d0%be%d1%80%d0%ba%d0%be%d0%b2%d0%b0%d1%8f-%d1%86%d0%b2%d0%b5%d1%82-%d0%bc%d0%b5%d1%85%d0%b0-%d1%82%d0%b5%d0%bc%d0%bd%d1%8b%d0%b9-%d1%88%d0%be%d0%ba%d0%be%d0%bb%d0%b0","status":"publish","type":"product","link":"https:\/\/lux-blanuri.md\/?product=%d1%88%d1%83%d0%b1%d0%b0-%d0%bd%d0%be%d1%80%d0%ba%d0%be%d0%b2%d0%b0%d1%8f-%d1%86%d0%b2%d0%b5%d1%82-%d0%bc%d0%b5%d1%85%d0%b0-%d1%82%d0%b5%d0%bc%d0%bd%d1%8b%d0%b9-%d1%88%d0%be%d0%ba%d0%be%d0%bb%d0%b0","title":{"rendered":"\u0428\u0443\u0431\u0430 \u043d\u043e\u0440\u043a\u043e\u0432\u0430\u044f, \u0446\u0432\u0435\u0442 \u043c\u0435\u0445\u0430 \u0442\u0435\u043c\u043d\u044b\u0439 \u0448\u043e\u043a\u043e\u043b\u0430\u0434"},"content":{"rendered":"<p>\u0428\u0443\u0431\u0430 \u043d\u043e\u0440\u043a\u043e\u0432\u0430\u044f \u043f\u0440\u043e\u0434\u0430\u0436\u0430 \u0432 \u041a\u0438\u0448\u0438\u043d\u0435\u0432\u0435.\u00a0 \u00a0\u0426\u0432\u0435\u0442 \u043c\u0435\u0445\u0430 \u0448\u0443\u0431\u044b \u0442\u0435\u043c\u043d\u044b\u0439 \u0448\u043e\u043a\u043e\u043b\u0430\u0434.\u00a0 \u041a\u043b\u0430\u0441\u0441 LUX. \u0421\u0448\u0438\u0442\u0430 \u043d\u0430 \u0444\u0430\u0431\u0440\u0438\u043a\u0435 <strong>Marko Varni<\/strong> \u0432 \u0413\u0440\u0435\u0446\u0438\u0438.<\/p>\n<p>\u041c\u043e\u0436\u043d\u043e \u043a\u0443\u043f\u0438\u0442\u044c \u0432 \u041a\u0438\u0448\u0438\u043d\u0435\u0432\u0435. \u0420\u0430\u0437\u043c\u0435\u0440\u044b \u043e\u0442 46 \u0434\u043e 50 \u0432 \u043d\u0430\u043b\u0438\u0447\u0438\u0438.<\/p>\n<p>\u041a\u043e\u043b\u0438\u0447\u0435\u0441\u0442\u0432\u043e \u0448\u0443\u0431 \u0434\u043b\u044f \u043f\u0440\u043e\u0434\u0430\u0436\u0438 \u0432 \u041a\u0438\u0448\u0438\u043d\u0435\u0432\u0435 \u043e\u0433\u0440\u0430\u043d\u0438\u0447\u0435\u043d\u043e. \u0423\u0441\u043f\u0435\u0439\u0442\u0435 \u043a\u0443\u043f\u0438\u0442\u044c \u0412\u0430\u0448 \u0440\u0430\u0437\u043c\u0435\u0440.<\/p>\n<p>\u0414\u043b\u0438\u043d\u0430 100 \u0441\u043c. \u041b\u044e\u0431\u044b\u0435 \u0434\u0440\u0443\u0433\u0438\u0435 \u0440\u0430\u0437\u043c\u0435\u0440\u044b \u043c\u043e\u0436\u043d\u043e \u0437\u0430\u043a\u0430\u0437\u0430\u0442\u044c. \u041e\u0431\u044b\u0447\u043d\u043e \u0441\u0440\u043e\u043a \u0432\u044b\u043f\u043e\u043b\u043d\u0435\u043d\u0438\u044f \u0437\u0430\u043a\u0430\u0437\u0430 10 \u0440\u0430\u0431\u043e\u0447\u0438\u0445 \u0434\u043d\u0435\u0439.<\/p>\n<p>&nbsp;<\/p>\n<h4 class=\"post-title\"><a href=\"https:\/\/lux-blanuri.md\/?p=205\" rel=\"bookmark\">\u041d\u043e\u0432\u044b\u0435 \u0448\u0443\u0431\u044b \u043d\u043e\u0440\u043a\u043e\u0432\u044b\u0435 \u043f\u0440\u0435\u043c\u0438\u0443\u043c \u043a\u0430\u0447\u0435\u0441\u0442\u0432\u0430<\/a><\/h4>\n<p>\u0412\u043e \u0432\u0441\u0435\u043c \u043c\u0438\u0440\u0435 \u0438\u0437\u0432\u0435\u0441\u0442\u043d\u043e, \u0447\u0442\u043e \u0448\u0443\u0431\u044b \u0438\u0437 \u0413\u0440\u0435\u0446\u0438\u0438 \u0441\u0435\u0433\u043e\u0434\u043d\u044f \u0441\u0430\u043c\u044b\u0435 \u043b\u0443\u0447\u0448\u0438\u0435 \u0432 \u043c\u0438\u0440\u0435. \u0412\u0430\u0448\u0435\u043c\u0443 \u0432\u043d\u0438\u043c\u0430\u043d\u0438\u044e \u0434\u043b\u044f \u043f\u0440\u043e\u0434\u0430\u0436\u0438 \u043f\u0440\u0435\u0434\u0441\u0442\u0430\u0432\u043b\u0435\u043d\u044b \u0442\u043e\u043b\u044c\u043a\u043e \u043d\u043e\u0432\u044b\u0435 \u043b\u044e\u043a\u0441\u043e\u0432\u044b\u0435 \u0448\u0443\u0431\u044b \u043d\u043e\u0440\u043a\u043e\u0432\u044b\u0435 \u043f\u0440\u0435\u043c\u0438\u0443\u043c \u043a\u0430\u0447\u0435\u0441\u0442\u0432\u0430. \u0412\u0441\u0435 \u0448\u0443\u0431\u044b \u0441\u0448\u0438\u0442\u044b \u0432 \u0413\u0440\u0435\u0446\u0438\u0438 \u0438\u0437 \u043c\u0435\u0445\u0430 \u043d\u043e\u0440\u043a\u0438 \u0441\u0430\u043c\u043e\u0433\u043e \u0432\u044b\u0441\u0448\u0435\u0433\u043e \u043a\u0430\u0447\u0435\u0441\u0442\u0432\u0430. \u0418\u0437 \u043f\u043e\u043b\u043e\u0432\u0438\u043d\u044b \u0442\u044b\u0441\u044f\u0447\u0438 \u0433\u0440\u0435\u0447\u0435\u0441\u043a\u0438\u0445 \u0444\u0430\u0431\u0440\u0438\u043a \u043c\u044b \u0432\u044b\u0431\u0440\u0430\u043b\u0438 \u0447\u0443\u0442\u044c \u0431\u043e\u043b\u044c\u0448\u0435 \u0434\u0435\u0441\u044f\u0442\u043a\u0430 \u0433\u0440\u0435\u0447\u0435\u0441\u043a\u0438\u0445 \u0431\u0440\u0435\u043d\u0434\u043e\u0432, \u0447\u044c\u0438 \u0448\u0443\u0431\u044b \u043f\u043e\u0441\u0442\u043e\u044f\u043d\u043d\u043e \u044f\u0432\u043b\u044f\u044e\u0442\u0441\u044f \u043b\u0443\u0447\u0448\u0438\u043c\u0438 \u043d\u0430 \u041c\u0435\u0436\u0434\u0443\u043d\u0430\u0440\u043e\u0434\u043d\u044b\u0445 \u0432\u044b\u0441\u0442\u0430\u0432\u043a\u0430\u0445 \u043c\u0435\u0445\u043e\u0432\u044b\u0445 \u0438\u0437\u0434\u0435\u043b\u0438\u0439. \u042d\u0442\u0430 \u043d\u043e\u0440\u043a\u043e\u0432\u0430\u044f \u0448\u0443\u0431\u0430 \u0438\u043c\u0435\u0435\u0442 \u0440\u0435\u0434\u043a\u0438\u0439 \u0446\u0432\u0435\u0442 \u0433\u0440\u0430\u0444\u0438\u0442, \u0441\u0448\u0438\u0442\u0430 \u043c\u0430\u0441\u0442\u0435\u0440\u0430\u043c\u0438 \u0444\u0430\u0431\u0440\u0438\u043a\u0438 <strong>Marko Varni<\/strong> , \u0432 \u0433\u043e\u0440\u043e\u0434\u0435 \u041a\u0430\u0441\u0442\u043e\u0440\u0438\u044f, \u0413\u0440\u0435\u0446\u0438\u044f.<\/p>\n<p>\u042d\u0442\u0443 \u0448\u0443\u0431\u0443 \u0432\u044b \u043c\u043e\u0436\u0435\u0442\u0435 \u043a\u0443\u043f\u0438\u0442\u044c \u0432 \u041c\u043e\u043b\u0434\u043e\u0432\u0435, \u0432 \u041a\u0438\u0448\u0438\u043d\u0435\u0432\u0435<\/p>\n<p>&nbsp;<\/p>\n<figure id=\"attachment_368\" aria-describedby=\"caption-attachment-368\" style=\"width: 225px\" class=\"wp-caption alignright\"><img fetchpriority=\"high\" decoding=\"async\" class=\"wp-image-368 size-medium\" title=\"blanuri naturale Marko Varni\" src=\"https:\/\/lux-blanuri.md\/wp-content\/uploads\/2022\/12\/20221224_171449-225x300.jpg\" alt=\"\u0428\u0443\u0431\u0430 \u043d\u043e\u0440\u043a\u043e\u0432\u0430\u044f, \u0446\u0432\u0435\u0442 \u043c\u0435\u0445\u0430 \u0442\u0435\u043c\u043d\u044b\u0439 \u0448\u043e\u043a\u043e\u043b\u0430\u0434\" width=\"225\" height=\"300\" srcset=\"https:\/\/lux-blanuri.md\/wp-content\/uploads\/2022\/12\/20221224_171449-225x300.jpg 225w, https:\/\/lux-blanuri.md\/wp-content\/uploads\/2022\/12\/20221224_171449-scaled-jpg-600x800.webp 600w, https:\/\/lux-blanuri.md\/wp-content\/uploads\/2022\/12\/20221224_171449-768x1024.jpg 768w, https:\/\/lux-blanuri.md\/wp-content\/uploads\/2022\/12\/20221224_171449-1152x1536.jpg 1152w, https:\/\/lux-blanuri.md\/wp-content\/uploads\/2022\/12\/20221224_171449-1536x2048.jpg 1536w, https:\/\/lux-blanuri.md\/wp-content\/uploads\/2022\/12\/20221224_171449-scaled-jpg.webp 1920w\" sizes=\"(max-width: 225px) 100vw, 225px\" \/><figcaption id=\"caption-attachment-368\" class=\"wp-caption-text\">\u0428\u0443\u0431\u0430 \u043d\u043e\u0440\u043a\u043e\u0432\u0430\u044f, \u0446\u0432\u0435\u0442 \u043c\u0435\u0445\u0430 \u0442\u0435\u043c\u043d\u044b\u0439 \u0448\u043e\u043a\u043e\u043b\u0430\u0434<\/figcaption><\/figure>\n<p>Paltoane noi de nurc\u0103 de calitate premium<\/p>\n<p>Este cunoscut \u00een \u00eentreaga lume c\u0103 hainele de blan\u0103 din Grecia sunt ast\u0103zi cele mai bune din lume. Doar paltoanele noi de nurc\u0103 de lux de calitate premium sunt prezentate aten\u021biei dumneavoastr\u0103 spre v\u00e2nzare. Toate bl\u0103nurile sunt fabricate \u00een Grecia din blan\u0103 de nurc\u0103 de cea mai \u00eenalt\u0103 calitate. Din o jum\u0103tate de mie de fabrici grece\u0219ti, am ales pu\u021bin peste o duzin\u0103 de m\u0103rci grece\u0219ti ale c\u0103ror haine de blan\u0103 sunt \u00een mod constant cele mai bune la T\u00e2rgurile Interna\u021bionale de Bl\u0103nuri. Acest palton de nurc\u0103 are o culoare rar\u0103 de grafit, cusut de me\u0219terii fabricii Marko Varni , din ora\u0219ul Kastoria, Grecia.<\/p>\n<p>Po\u021bi cump\u0103ra aceast\u0103 hain\u0103 de blan\u0103 \u00een Moldova, la Chi\u0219in\u0103u<\/p>\n","protected":false},"excerpt":{"rendered":"<p>\u0428\u0443\u0431\u0430 \u043d\u043e\u0440\u043a\u043e\u0432\u0430\u044f \u0432 \u041a\u0438\u0448\u0438\u043d\u0435\u0432\u0435.\u00a0 \u00a0\u0426\u0432\u0435\u0442 \u043c\u0435\u0445\u0430 \u0442\u0435\u043c\u043d\u044b\u0439 \u0448\u043e\u043a\u043e\u043b\u0430\u0434.\u00a0 \u041a\u043b\u0430\u0441\u0441 LUX. \u0421\u0448\u0438\u0442\u0430 \u043d\u0430 \u0444\u0430\u0431\u0440\u0438\u043a\u0435 Marko Varni \u0432 \u0413\u0440\u0435\u0446\u0438\u0438.<\/p>\n<p>\u041c\u043e\u0436\u043d\u043e \u043a\u0443\u043f\u0438\u0442\u044c \u0432 \u041a\u0438\u0448\u0438\u043d\u0435\u0432\u0435. \u0420\u0430\u0437\u043c\u0435\u0440\u044b \u043e\u0442 46 \u0434\u043e 50 \u0432 \u043d\u0430\u043b\u0438\u0447\u0438\u0438.<\/p>\n<p>\u041a\u043e\u043b\u0438\u0447\u0435\u0441\u0442\u0432\u043e \u0448\u0443\u0431 \u0434\u043b\u044f \u043f\u0440\u043e\u0434\u0430\u0436\u0438 \u0432 \u041a\u0438\u0448\u0438\u043d\u0435\u0432\u0435 \u043e\u0433\u0440\u0430\u043d\u0438\u0447\u0435\u043d\u043e. \u0423\u0441\u043f\u0435\u0439\u0442\u0435 \u043a\u0443\u043f\u0438\u0442\u044c \u0412\u0430\u0448 \u0440\u0430\u0437\u043c\u0435\u0440.<\/p>\n<p>\u0414\u043b\u0438\u043d\u0430 100 \u0441\u043c. \u041b\u044e\u0431\u044b\u0435 \u0434\u0440\u0443\u0433\u0438\u0435 \u0440\u0430\u0437\u043c\u0435\u0440\u044b \u043c\u043e\u0436\u043d\u043e \u0437\u0430\u043a\u0430\u0437\u0430\u0442\u044c. \u041e\u0431\u044b\u0447\u043d\u043e \u0441\u0440\u043e\u043a \u0432\u044b\u043f\u043e\u043b\u043d\u0435\u043d\u0438\u044f \u0437\u0430\u043a\u0430\u0437\u0430 10 \u0440\u0430\u0431\u043e\u0447\u0438\u0445 \u0434\u043d\u0435\u0439.<\/p>\n[caption id=\"attachment_369\" align=\"alignleft\" width=\"225\"]<img decoding=\"async\" class=\"wp-image-369 size-medium\" src=\"https:\/\/lux-blanuri.md\/wp-content\/uploads\/2022\/12\/20221224_171444-225x300.jpg\" alt=\"\u0446\u0432\u0435\u0442 \u043c\u0435\u0445\u0430 \u0442\u0435\u043c\u043d\u044b\u0439 \u0448\u043e\u043a\u043e\u043b\u0430\u0434\" width=\"225\" height=\"300\" srcset=\"https:\/\/lux-blanuri.md\/wp-content\/uploads\/2022\/12\/20221224_171444-225x300.jpg 225w, https:\/\/lux-blanuri.md\/wp-content\/uploads\/2022\/12\/20221224_171444-scaled-jpg-600x800.webp 600w, https:\/\/lux-blanuri.md\/wp-content\/uploads\/2022\/12\/20221224_171444-768x1024.jpg 768w, https:\/\/lux-blanuri.md\/wp-content\/uploads\/2022\/12\/20221224_171444-1152x1536.jpg 1152w, https:\/\/lux-blanuri.md\/wp-content\/uploads\/2022\/12\/20221224_171444-1536x2048.jpg 1536w, https:\/\/lux-blanuri.md\/wp-content\/uploads\/2022\/12\/20221224_171444-scaled-jpg.webp 1920w\" sizes=\"(max-width: 225px) 100vw, 225px\" \/> \u0446\u0432\u0435\u0442 \u043c\u0435\u0445\u0430 \u0442\u0435\u043c\u043d\u044b\u0439 \u0448\u043e\u043a\u043e\u043b\u0430\u0434[\/caption]\n<p>&nbsp;<\/p>\n<h5 class=\"post-title\"><a href=\"https:\/\/lux-blanuri.md\/?p=205\" rel=\"bookmark\">\u041d\u043e\u0432\u044b\u0435 \u0448\u0443\u0431\u044b \u043d\u043e\u0440\u043a\u043e\u0432\u044b\u0435 \u043f\u0440\u0435\u043c\u0438\u0443\u043c \u043a\u0430\u0447\u0435\u0441\u0442\u0432\u0430<\/a><\/h5>\n<p>\u0412\u043e \u0432\u0441\u0435\u043c \u043c\u0438\u0440\u0435 \u0438\u0437\u0432\u0435\u0441\u0442\u043d\u043e, \u0447\u0442\u043e \u0448\u0443\u0431\u044b \u0438\u0437 \u0413\u0440\u0435\u0446\u0438\u0438 \u0441\u0435\u0433\u043e\u0434\u043d\u044f \u0441\u0430\u043c\u044b\u0435 \u043b\u0443\u0447\u0448\u0438\u0435 \u0432 \u043c\u0438\u0440\u0435. \u0412\u0430\u0448\u0435\u043c\u0443 \u0432\u043d\u0438\u043c\u0430\u043d\u0438\u044e \u0434\u043b\u044f \u043f\u0440\u043e\u0434\u0430\u0436\u0438 \u043f\u0440\u0435\u0434\u0441\u0442\u0430\u0432\u043b\u0435\u043d\u044b \u0442\u043e\u043b\u044c\u043a\u043e \u043d\u043e\u0432\u044b\u0435 \u043b\u044e\u043a\u0441\u043e\u0432\u044b\u0435 \u0448\u0443\u0431\u044b \u043d\u043e\u0440\u043a\u043e\u0432\u044b\u0435 \u043f\u0440\u0435\u043c\u0438\u0443\u043c \u043a\u0430\u0447\u0435\u0441\u0442\u0432\u0430. \u0412\u0441\u0435 \u0448\u0443\u0431\u044b \u0441\u0448\u0438\u0442\u044b \u0432 \u0413\u0440\u0435\u0446\u0438\u0438 \u0438\u0437 \u043c\u0435\u0445\u0430 \u043d\u043e\u0440\u043a\u0438 \u0441\u0430\u043c\u043e\u0433\u043e \u0432\u044b\u0441\u0448\u0435\u0433\u043e \u043a\u0430\u0447\u0435\u0441\u0442\u0432\u0430. \u0418\u0437 \u043f\u043e\u043b\u043e\u0432\u0438\u043d\u044b \u0442\u044b\u0441\u044f\u0447\u0438 \u0433\u0440\u0435\u0447\u0435\u0441\u043a\u0438\u0445 \u0444\u0430\u0431\u0440\u0438\u043a \u043c\u044b \u0432\u044b\u0431\u0440\u0430\u043b\u0438 \u0447\u0443\u0442\u044c \u0431\u043e\u043b\u044c\u0448\u0435 \u0434\u0435\u0441\u044f\u0442\u043a\u0430 \u0433\u0440\u0435\u0447\u0435\u0441\u043a\u0438\u0445 \u0431\u0440\u0435\u043d\u0434\u043e\u0432, \u0447\u044c\u0438 \u0448\u0443\u0431\u044b \u043f\u043e\u0441\u0442\u043e\u044f\u043d\u043d\u043e \u044f\u0432\u043b\u044f\u044e\u0442\u0441\u044f \u043b\u0443\u0447\u0448\u0438\u043c\u0438 \u043d\u0430 \u041c\u0435\u0436\u0434\u0443\u043d\u0430\u0440\u043e\u0434\u043d\u044b\u0445 \u0432\u044b\u0441\u0442\u0430\u0432\u043a\u0430\u0445 \u043c\u0435\u0445\u043e\u0432\u044b\u0445 \u0438\u0437\u0434\u0435\u043b\u0438\u0439. \u042d\u0442\u0430 \u043d\u043e\u0440\u043a\u043e\u0432\u0430\u044f \u0448\u0443\u0431\u0430 \u0438\u043c\u0435\u0435\u0442 \u0440\u0435\u0434\u043a\u0438\u0439 \u0446\u0432\u0435\u0442 \u0433\u0440\u0430\u0444\u0438\u0442, \u0441\u0448\u0438\u0442\u0430 \u043c\u0430\u0441\u0442\u0435\u0440\u0430\u043c\u0438 \u0444\u0430\u0431\u0440\u0438\u043a\u0438 Marko Varni , \u0432 \u0433\u043e\u0440\u043e\u0434\u0435 \u041a\u0430\u0441\u0442\u043e\u0440\u0438\u044f, \u0413\u0440\u0435\u0446\u0438\u044f.<\/p>\n<p>\u042d\u0442\u0443 \u0448\u0443\u0431\u0443 \u0432\u044b \u043c\u043e\u0436\u0435\u0442\u0435 \u043a\u0443\u043f\u0438\u0442\u044c \u0432 \u041c\u043e\u043b\u0434\u043e\u0432\u0435, \u0432 \u041a\u0438\u0448\u0438\u043d\u0435\u0432\u0435<\/p>\n<p>&nbsp;<\/p>\n[caption id=\"attachment_368\" align=\"alignright\" width=\"225\"]<img fetchpriority=\"high\" decoding=\"async\" class=\"wp-image-368 size-medium\" title=\"blanuri naturale Marko Varni\" src=\"https:\/\/lux-blanuri.md\/wp-content\/uploads\/2022\/12\/20221224_171449-225x300.jpg\" alt=\"\u0428\u0443\u0431\u0430 \u043d\u043e\u0440\u043a\u043e\u0432\u0430\u044f, \u0446\u0432\u0435\u0442 \u043c\u0435\u0445\u0430 \u0442\u0435\u043c\u043d\u044b\u0439 \u0448\u043e\u043a\u043e\u043b\u0430\u0434\" width=\"225\" height=\"300\" srcset=\"https:\/\/lux-blanuri.md\/wp-content\/uploads\/2022\/12\/20221224_171449-225x300.jpg 225w, https:\/\/lux-blanuri.md\/wp-content\/uploads\/2022\/12\/20221224_171449-scaled-jpg-600x800.webp 600w, https:\/\/lux-blanuri.md\/wp-content\/uploads\/2022\/12\/20221224_171449-768x1024.jpg 768w, https:\/\/lux-blanuri.md\/wp-content\/uploads\/2022\/12\/20221224_171449-1152x1536.jpg 1152w, https:\/\/lux-blanuri.md\/wp-content\/uploads\/2022\/12\/20221224_171449-1536x2048.jpg 1536w, https:\/\/lux-blanuri.md\/wp-content\/uploads\/2022\/12\/20221224_171449-scaled-jpg.webp 1920w\" sizes=\"(max-width: 225px) 100vw, 225px\" \/> \u0428\u0443\u0431\u0430 \u043d\u043e\u0440\u043a\u043e\u0432\u0430\u044f, \u0446\u0432\u0435\u0442 \u043c\u0435\u0445\u0430 \u0442\u0435\u043c\u043d\u044b\u0439 \u0448\u043e\u043a\u043e\u043b\u0430\u0434[\/caption]\n<p>Paltoane noi de nurc\u0103 de calitate premium<\/p>\n<p>Este cunoscut \u00een \u00eentreaga lume c\u0103 hainele de blan\u0103 din Grecia sunt ast\u0103zi cele mai bune din lume. Doar paltoanele noi de nurc\u0103 de lux de calitate premium sunt prezentate aten\u021biei dumneavoastr\u0103 spre v\u00e2nzare. Toate bl\u0103nurile sunt fabricate \u00een Grecia din blan\u0103 de nurc\u0103 de cea mai \u00eenalt\u0103 calitate. Din o jum\u0103tate de mie de fabrici grece\u0219ti, am ales pu\u021bin peste o duzin\u0103 de m\u0103rci grece\u0219ti ale c\u0103ror haine de blan\u0103 sunt \u00een mod constant cele mai bune la T\u00e2rgurile Interna\u021bionale de Bl\u0103nuri. Acest palton de nurc\u0103 are o culoare rar\u0103 de grafit, cusut de me\u0219terii fabricii Marko Varni , din ora\u0219ul Kastoria, Grecia.<\/p>\n<p>Po\u021bi cump\u0103ra aceast\u0103 hain\u0103 de blan\u0103 \u00een Moldova, la Chi\u0219in\u0103u<\/p>\n","protected":false},"featured_media":368,"comment_status":"open","ping_status":"closed","template":"","meta":[],"product_brand":[],"product_cat":[15,51,27],"product_tag":[58,57,60,41,43,25,24,23],"class_list":{"0":"post-367","1":"product","2":"type-product","3":"status-publish","4":"has-post-thumbnail","6":"product_cat-misc","7":"product_cat-51","8":"product_cat-27","9":"product_tag-blanuri-in-chisinau","10":"product_tag-blanuri-naturale","11":"product_tag-marko-varni","12":"product_tag-41","13":"product_tag-43","14":"product_tag-25","15":"product_tag-24","16":"product_tag-23","18":"first","19":"instock","20":"shipping-taxable","21":"purchasable","22":"product-type-simple"},"_links":{"self":[{"href":"https:\/\/lux-blanuri.md\/index.php?rest_route=\/wp\/v2\/product\/367","targetHints":{"allow":["GET"]}}],"collection":[{"href":"https:\/\/lux-blanuri.md\/index.php?rest_route=\/wp\/v2\/product"}],"about":[{"href":"https:\/\/lux-blanuri.md\/index.php?rest_route=\/wp\/v2\/types\/product"}],"replies":[{"embeddable":true,"href":"https:\/\/lux-blanuri.md\/index.php?rest_route=%2Fwp%2Fv2%2Fcomments&post=367"}],"wp:featuredmedia":[{"embeddable":true,"href":"https:\/\/lux-blanuri.md\/index.php?rest_route=\/wp\/v2\/media\/368"}],"wp:attachment":[{"href":"https:\/\/lux-blanuri.md\/index.php?rest_route=%2Fwp%2Fv2%2Fmedia&parent=367"}],"wp:term":[{"taxonomy":"product_brand","embeddable":true,"href":"https:\/\/lux-blanuri.md\/index.php?rest_route=%2Fwp%2Fv2%2Fproduct_brand&post=367"},{"taxonomy":"product_cat","embeddable":true,"href":"https:\/\/lux-blanuri.md\/index.php?rest_route=%2Fwp%2Fv2%2Fproduct_cat&post=367"},{"taxonomy":"product_tag","embeddable":true,"href":"https:\/\/lux-blanuri.md\/index.php?rest_route=%2Fwp%2Fv2%2Fproduct_tag&post=367"}],"curies":[{"name":"wp","href":"https:\/\/api.w.org\/{rel}","templated":true}]}}