{"id":66,"date":"2022-02-10T11:05:41","date_gmt":"2022-02-10T11:05:41","guid":{"rendered":"https:\/\/lux-blanuri.md\/?post_type=product&#038;p=66"},"modified":"2025-10-30T08:06:35","modified_gmt":"2025-10-30T08:06:35","slug":"%d0%bf%d1%80%d0%be%d0%b4%d0%b0%d0%b6%d0%b0-%d1%88%d1%83%d0%b1-%d0%b2-%d0%ba%d0%b8%d1%88%d0%b8%d0%bd%d0%b5%d0%b2%d0%b5-%d1%88%d1%83%d0%b1%d0%b0-%d0%bd%d0%be%d0%b2%d0%b0%d1%8f-%d0%bd%d0%be%d1%80%d0%ba","status":"publish","type":"product","link":"https:\/\/lux-blanuri.md\/?product=%d0%bf%d1%80%d0%be%d0%b4%d0%b0%d0%b6%d0%b0-%d1%88%d1%83%d0%b1-%d0%b2-%d0%ba%d0%b8%d1%88%d0%b8%d0%bd%d0%b5%d0%b2%d0%b5-%d1%88%d1%83%d0%b1%d0%b0-%d0%bd%d0%be%d0%b2%d0%b0%d1%8f-%d0%bd%d0%be%d1%80%d0%ba","title":{"rendered":"\u041f\u0440\u043e\u0434\u0430\u0436\u0430 \u043b\u044e\u043a\u0441\u043e\u0432\u044b\u0445 \u0448\u0443\u0431 \u0432 \u041a\u0438\u0448\u0438\u043d\u0435\u0432\u0435."},"content":{"rendered":"<figure id=\"attachment_63\" aria-describedby=\"caption-attachment-63\" style=\"width: 225px\" class=\"wp-caption alignleft\"><img fetchpriority=\"high\" decoding=\"async\" class=\"wp-image-63 size-medium\" title=\"\u041b\u0443\u0447\u0448\u0438\u0435 \u043d\u043e\u0440\u043a\u043e\u0432\u044b\u0435 \u0448\u0443\u0431\u044b \" src=\"https:\/\/lux-blanuri.md\/wp-content\/uploads\/2022\/02\/IMG-6c13cd1f96031c1e57b01df297bd623d-V-225x300.jpg\" alt=\"\u041b\u044e\u043a\u0441\u043e\u0432\u044b\u0435 \u0448\u0443\u0431\u044b\" width=\"225\" height=\"300\" srcset=\"https:\/\/lux-blanuri.md\/wp-content\/uploads\/2022\/02\/IMG-6c13cd1f96031c1e57b01df297bd623d-V-225x300.jpg 225w, https:\/\/lux-blanuri.md\/wp-content\/uploads\/2022\/02\/IMG-6c13cd1f96031c1e57b01df297bd623d-V-600x800.jpg 600w, https:\/\/lux-blanuri.md\/wp-content\/uploads\/2022\/02\/IMG-6c13cd1f96031c1e57b01df297bd623d-V-768x1024.jpg 768w, https:\/\/lux-blanuri.md\/wp-content\/uploads\/2022\/02\/IMG-6c13cd1f96031c1e57b01df297bd623d-V-jpg.webp 960w\" sizes=\"(max-width: 225px) 100vw, 225px\" \/><figcaption id=\"caption-attachment-63\" class=\"wp-caption-text\">\u0428\u0443\u0431\u044b \u043f\u0440\u0435\u043c\u0438\u0443\u043c \u043a\u0430\u0447\u0435\u0441\u0442\u0432\u0430<\/figcaption><\/figure>\n<p>\u041d\u0435 \u0441\u0435\u043a\u0440\u0435\u0442, \u0447\u0442\u043e \u043b\u0443\u0447\u0448\u0438\u0435 \u0448\u0443\u0431\u044b \u0434\u0435\u043b\u0430\u044e\u0442 \u0432 \u043e\u0447\u0435\u043d\u044c \u0433\u043e\u0440\u044f\u0447\u0438\u0445 \u0441\u0442\u0440\u0430\u043d\u0430\u0445, \u0433\u0434\u0435 \u0438 \u043c\u0435\u0445\u0430 \u0442\u043e \u043e\u0441\u043e\u0431\u043e \u043d\u0435 \u043d\u0430\u0439\u0442\u0438. \u0413\u0440\u0435\u0446\u0438\u044f \u2013 \u043b\u0443\u0447\u0448\u0438\u0439 \u0442\u043e\u043c\u0443 \u043f\u0440\u0438\u043c\u0435\u0440. \u0413\u0440\u0435\u0447\u0435\u0441\u043a\u0438\u0435 \u0432\u043b\u0430\u0434\u0435\u043b\u044c\u0446\u044b \u043f\u043e\u043a\u0443\u043f\u0430\u044e\u0442 \u0440\u043e\u0441\u0441\u0438\u0439\u0441\u043a\u0438\u0439, \u0441\u043a\u0430\u043d\u0434\u0438\u043d\u0430\u0432\u0441\u043a\u0438\u0439, \u0430\u043c\u0435\u0440\u0438\u043a\u0430\u043d\u0441\u043a\u0438\u0439 \u043c\u0435\u0445 \u043d\u0430 \u043c\u0438\u0440\u043e\u0432\u044b\u0445 \u043f\u0443\u0448\u043d\u044b\u0445 \u0430\u0443\u043a\u0446\u0438\u043e\u043d\u0430\u0445\u00a0 \u0438 \u0434\u0435\u043b\u0430\u044e\u0442 \u0438\u0437 \u043d\u0435\u0433\u043e \u043d\u0430\u0441\u0442\u043e\u044f\u0449\u0438\u0435 \u0448\u0435\u0434\u0435\u0432\u0440\u044b, \u0434\u043e\u0441\u0442\u043e\u0439\u043d\u044b\u0435 \u043a\u043e\u0440\u043e\u043b\u0435\u0439. \u0418\u0445 \u0434\u0430\u0436\u0435 \u0441\u043e\u0432\u0441\u0435\u043c \u043d\u0435 \u0441\u043c\u0443\u0449\u0430\u0435\u0442 \u0442\u043e, \u0447\u0442\u043e \u0432 \u0433\u0430\u0440\u0434\u0435\u0440\u043e\u0431\u0435 \u043c\u0435\u0441\u0442\u043d\u044b\u0445 \u0433\u0440\u0435\u0447\u0435\u0441\u043a\u0438\u0445 \u043a\u0440\u0430\u0441\u043e\u0442\u043e\u043a \u043d\u0435\u0442 \u043f\u0440\u0430\u043a\u0442\u0438\u0447\u0435\u0441\u043a\u0438 \u043d\u0438\u043a\u0430\u043a\u0438\u0445 \u0448\u0443\u0431, \u043f\u043e\u0442\u043e\u043c\u0443 \u0447\u0442\u043e \u0438\u0445 \u043f\u0440\u043e\u0441\u0442\u043e \u043d\u0435\u0432\u043e\u0437\u043c\u043e\u0436\u043d\u043e \u043d\u043e\u0441\u0438\u0442\u044c \u0432 \u0413\u0440\u0435\u0446\u0438\u0438, \u0433\u0434\u0435 \u0432\u0441\u044e \u0437\u0438\u043c\u0443 \u0441\u0442\u043e\u0438\u0442 \u043f\u043b\u044e\u0441\u043e\u0432\u0430\u044f \u0442\u0435\u043c\u043f\u0435\u0440\u0430\u0442\u0443\u0440\u0430. \u0422\u0435\u043c \u043d\u0435 \u043c\u0435\u043d\u0435\u0435, \u0441\u043a\u043e\u0440\u043d\u044f\u043a\u0438 \u041a\u0430\u0441\u0442\u043e\u0440\u0438\u0438 (\u043d\u0435\u0431\u043e\u043b\u044c\u0448\u043e\u0439 \u0433\u043e\u0440\u043e\u0434 \u043d\u0430 \u0441\u0435\u0432\u0435\u0440\u043e-\u0437\u0430\u043f\u0430\u0434\u0435 \u0413\u0440\u0435\u0446\u0438\u0438 \u0441 \u043d\u0430\u0441\u0435\u043b\u0435\u043d\u0438\u0435\u043c 17 \u0442\u044b\u0441\u044f\u0447 \u0447\u0435\u043b\u043e\u0432\u0435\u043a, \u0438\u043c\u0435\u044e\u0449\u0438\u0439 \u0431\u043e\u043b\u044c\u0448\u0435 \u043f\u044f\u0442\u0438\u0441\u043e\u0442 \u0444\u0430\u0431\u0440\u0438\u043a, \u043f\u0440\u043e\u0438\u0437\u0432\u043e\u0434\u044f\u0449\u0438\u0445 \u0448\u0443\u0431\u044b), \u0438\u043c\u0435\u044e\u0442 \u0431\u043e\u043b\u0435\u0435 \u0447\u0435\u043c \u0441\u0442\u043e\u043b\u0435\u0442\u043d\u0438\u0439 \u043e\u043f\u044b\u0442 \u0448\u0438\u0442\u044c\u044f \u043f\u043e\u0447\u0442\u0438 \u0432\u0440\u0443\u0447\u043d\u0443\u044e, \u0438 \u043e\u043d\u0438 \u0441\u043e\u0437\u0434\u0430\u044e\u0442 \u043b\u0443\u0447\u0448\u0438\u0435 \u0448\u0443\u0431\u044b \u0432 \u043c\u0438\u0440\u0435. \u041c\u0430\u0441\u0442\u0435\u0440\u0430 \u043b\u0435\u043b\u0435\u044e\u0442 \u0432\u0435\u043a\u043e\u0432\u044b\u0435 \u0441\u0435\u043c\u0435\u0439\u043d\u044b\u0435 \u0442\u0430\u0439\u043d\u044b \u0448\u0438\u0442\u044c\u044f. \u0412\u043b\u0430\u0434\u0435\u043b\u044c\u0446\u044b \u043e\u0433\u0440\u043e\u043c\u043d\u044b\u0445 \u0444\u0430\u0431\u0440\u0438\u043a \u0441 \u043c\u043d\u043e\u0433\u043e\u043c\u0438\u043b\u043b\u0438\u043e\u043d\u043d\u044b\u043c \u0433\u043e\u0434\u043e\u0432\u044b\u043c \u043e\u0431\u043e\u0440\u043e\u0442\u043e\u043c, \u043b\u0438\u0447\u043d\u043e \u0432\u043e\u0432\u043b\u0435\u0447\u0435\u043d\u044b \u0432\u043e \u0432\u0441\u0435 \u043f\u0440\u043e\u0438\u0437\u0432\u043e\u0434\u0441\u0442\u0432\u043e. \u0412 \u044d\u0442\u043e\u043c \u0438 \u0437\u0430\u043a\u043b\u044e\u0447\u0435\u043d\u0430 \u0442\u0430\u0439\u043d\u0430 \u0443\u043d\u0438\u043a\u0430\u043b\u044c\u043d\u044b\u0445 \u0448\u0443\u0431, \u043f\u0440\u043e\u0438\u0437\u0432\u0435\u0434\u0435\u043d\u043d\u044b\u0445 \u0432 \u041a\u0430\u0441\u0442\u043e\u0440\u0438\u0438. \u0415\u0441\u043b\u0438 \u0432\u0430\u0448\u0430 \u0448\u0443\u0431\u0430 \u0441\u0434\u0435\u043b\u0430\u043d\u0430 \u0432 \u0413\u0440\u0435\u0446\u0438\u0438 \u2013 \u044d\u0442\u043e \u0433\u0430\u0440\u0430\u043d\u0442\u0438\u044f \u0442\u043e\u0433\u043e, \u0447\u0442\u043e \u043e\u043d\u0430 \u0431\u0443\u0434\u0435\u0442 \u0441\u043b\u0443\u0436\u0438\u0442\u044c \u0432\u0430\u043c \u0432 \u0442\u0435\u0447\u0435\u043d\u0438\u0435 \u043c\u043d\u043e\u0433\u0438\u0445 \u0434\u0435\u0441\u044f\u0442\u0438\u043b\u0435\u0442\u0438\u0439.<\/p>\n<p>&nbsp;<\/p>\n<p>Nu este un secret pentru nimeni c\u0103 cele mai bune haine de blan\u0103 sunt f\u0103cute \u00een \u021b\u0103ri foarte fierbin\u021bi, unde nici m\u0103car nu g\u0103se\u0219ti blan\u0103. Grecia este cel mai bun exemplu \u00een acest sens. Proprietarii greci cump\u0103r\u0103 blan\u0103 ruseasc\u0103, scandinav\u0103, american\u0103 la licita\u021biile mondiale de blan\u0103 \u0219i fac din ea adev\u0103rate capodopere demne de regi. Nici m\u0103car nu sunt jena\u021bi de faptul c\u0103 practic nu exist\u0103 haine de blan\u0103 \u00een garderoba frumuse\u021bilor locale grece\u0219ti, pentru c\u0103 este pur \u0219i simplu imposibil s\u0103 le por\u021bi \u00een Grecia, unde temperatura este peste zero toat\u0103 iarna. Cu toate acestea, bl\u0103narii din Kastoria (un or\u0103\u0219el din nord-vestul Greciei, cu o popula\u021bie de 17.000 de locuitori \u0219i peste 500 de fabrici de bl\u0103nuri) au peste un secol de experien\u021b\u0103 aproape de cusut manual \u0219i creeaz\u0103 cele mai bune haine de blan\u0103 din lume. Mae\u0219trii pre\u021buiesc vechile secrete de familie ale cus\u0103turii. Proprietarii de fabrici uria\u0219e cu o cifr\u0103 de afaceri anual\u0103 de mai multe milioane de dolari sunt implica\u021bi personal \u00een toat\u0103 produc\u021bia. Acesta este secretul bl\u0103nurilor unice fabricate \u00een Kastoria. Dac\u0103 haina ta de blan\u0103 este f\u0103cut\u0103 \u00een Grecia, este o garan\u021bie c\u0103 \u00ee\u021bi va servi multe decenii.<\/p>\n<p>Po\u021bi cump\u0103ra aceast\u0103 hain\u0103 de blan\u0103 \u00een Moldova, la Chi\u0219in\u0103u<\/p>\n<figure id=\"attachment_110\" aria-describedby=\"caption-attachment-110\" style=\"width: 225px\" class=\"wp-caption alignright\"><img decoding=\"async\" class=\"wp-image-110 size-medium\" title=\"blanuri naturale in Chisinau\" src=\"https:\/\/lux-blanuri.md\/wp-content\/uploads\/2022\/02\/145-225x300.jpg\" alt=\"blanuri in Chisinau\" width=\"225\" height=\"300\" srcset=\"https:\/\/lux-blanuri.md\/wp-content\/uploads\/2022\/02\/145-225x300.jpg 225w, https:\/\/lux-blanuri.md\/wp-content\/uploads\/2022\/02\/145-600x800.jpg 600w, https:\/\/lux-blanuri.md\/wp-content\/uploads\/2022\/02\/145-jpg.webp 720w\" sizes=\"(max-width: 225px) 100vw, 225px\" \/><figcaption id=\"caption-attachment-110\" class=\"wp-caption-text\">blanuri naturale in Chisinau<\/figcaption><\/figure>\n","protected":false},"excerpt":{"rendered":"[caption id=\"attachment_64\" align=\"alignright\" width=\"146\"]<img decoding=\"async\" class=\"wp-image-64 size-medium\" title=\"\u0413\u043e\u043b\u0443\u0431\u0430\u044f \u043d\u043e\u0440\u043a\u0430\" src=\"https:\/\/lux-blanuri.md\/wp-content\/uploads\/2022\/02\/IMG-7ec34988f0c16db0479ee6564b3d0b9a-V-146x300.jpg\" alt=\"\u0433\u043e\u043b\u0443\u0431\u0430\u044f \u043d\u043e\u0440\u043a\u0430\" width=\"146\" height=\"300\" srcset=\"https:\/\/lux-blanuri.md\/wp-content\/uploads\/2022\/02\/IMG-7ec34988f0c16db0479ee6564b3d0b9a-V-146x300.jpg 146w, https:\/\/lux-blanuri.md\/wp-content\/uploads\/2022\/02\/IMG-7ec34988f0c16db0479ee6564b3d0b9a-V-600x1235.jpg 600w, https:\/\/lux-blanuri.md\/wp-content\/uploads\/2022\/02\/IMG-7ec34988f0c16db0479ee6564b3d0b9a-V-498x1024.jpg 498w, https:\/\/lux-blanuri.md\/wp-content\/uploads\/2022\/02\/IMG-7ec34988f0c16db0479ee6564b3d0b9a-V-jpg.webp 622w\" sizes=\"(max-width: 146px) 100vw, 146px\" \/> \u0448\u0443\u0431\u044b \u044d\u043a\u0441\u0442\u0440\u0430 \u043a\u043b\u0430\u0441\u0441\u0430[\/caption]\n<p>\u0428\u0443\u0431\u0430 \u043d\u043e\u0432\u0430\u044f \u043f\u0440\u0435\u043c\u0438\u0443\u043c \u043a\u043b\u0430\u0441\u0441\u0430. \u041c\u0435\u0445 \u043d\u043e\u0440\u043a\u0430 \u0441\u0430\u043c\u043e\u0433\u043e \u0432\u044b\u0441\u043e\u043a\u043e\u0433\u043e \u043a\u0430\u0447\u0435\u0441\u0442\u0432\u0430.<\/p>\n<p>\u0421\u0434\u0435\u043b\u0430\u043d\u043e \u043d\u0430 \u043e\u0434\u043d\u043e\u0439 \u0438\u0437 \u043b\u0443\u0447\u0448\u0438\u0445 \u0444\u0430\u0431\u0440\u0438\u043a \u0413\u0440\u0435\u0446\u0438\u0438. \u0411\u0440\u0435\u043d\u0434 Mousios Furs.<\/p>\n<p>\u0420\u0430\u0437\u043c\u0435\u0440\u044b 46-50 \u0432 \u043d\u0430\u043b\u0438\u0447\u0438\u0438 \u0432 \u041a\u0438\u0448\u0438\u043d\u0435\u0432\u0435. \u0414\u043b\u0438\u043d\u0430 80 \u0441\u043c. \u041b\u044e\u0431\u044b\u0435 \u0434\u0440\u0443\u0433\u0438\u0435 \u0440\u0430\u0437\u043c\u0435\u0440\u044b \u043c\u043e\u0436\u043d\u043e \u0437\u0430\u043a\u0430\u0437\u0430\u0442\u044c. \u041e\u0431\u044b\u0447\u043d\u043e \u0441\u0440\u043e\u043a \u0432\u044b\u043f\u043e\u043b\u043d\u0435\u043d\u0438\u044f \u0437\u0430\u043a\u0430\u0437\u0430 10 \u0440\u0430\u0431\u043e\u0447\u0438\u0445 \u0434\u043d\u0435\u0439 \u0432 \u0413\u0440\u0435\u0446\u0438\u0438.<\/p>\n<p>\u0413\u0430\u0440\u0430\u043d\u0442\u0438\u044f 10 \u043b\u0435\u0442<\/p>\n","protected":false},"featured_media":169,"comment_status":"open","ping_status":"closed","template":"","meta":[],"product_brand":[125,124],"product_cat":[15,51,27],"product_tag":[59,58,57,25,24,31,32,23],"class_list":{"0":"post-66","1":"product","2":"type-product","3":"status-publish","4":"has-post-thumbnail","6":"product_brand-mousios-furs","7":"product_brand-124","8":"product_cat-misc","9":"product_cat-51","10":"product_cat-27","11":"product_tag-blanuri","12":"product_tag-blanuri-in-chisinau","13":"product_tag-blanuri-naturale","14":"product_tag-25","15":"product_tag-24","16":"product_tag-31","17":"product_tag-32","18":"product_tag-23","20":"first","21":"instock","22":"shipping-taxable","23":"purchasable","24":"product-type-simple"},"_links":{"self":[{"href":"https:\/\/lux-blanuri.md\/index.php?rest_route=\/wp\/v2\/product\/66","targetHints":{"allow":["GET"]}}],"collection":[{"href":"https:\/\/lux-blanuri.md\/index.php?rest_route=\/wp\/v2\/product"}],"about":[{"href":"https:\/\/lux-blanuri.md\/index.php?rest_route=\/wp\/v2\/types\/product"}],"replies":[{"embeddable":true,"href":"https:\/\/lux-blanuri.md\/index.php?rest_route=%2Fwp%2Fv2%2Fcomments&post=66"}],"wp:featuredmedia":[{"embeddable":true,"href":"https:\/\/lux-blanuri.md\/index.php?rest_route=\/wp\/v2\/media\/169"}],"wp:attachment":[{"href":"https:\/\/lux-blanuri.md\/index.php?rest_route=%2Fwp%2Fv2%2Fmedia&parent=66"}],"wp:term":[{"taxonomy":"product_brand","embeddable":true,"href":"https:\/\/lux-blanuri.md\/index.php?rest_route=%2Fwp%2Fv2%2Fproduct_brand&post=66"},{"taxonomy":"product_cat","embeddable":true,"href":"https:\/\/lux-blanuri.md\/index.php?rest_route=%2Fwp%2Fv2%2Fproduct_cat&post=66"},{"taxonomy":"product_tag","embeddable":true,"href":"https:\/\/lux-blanuri.md\/index.php?rest_route=%2Fwp%2Fv2%2Fproduct_tag&post=66"}],"curies":[{"name":"wp","href":"https:\/\/api.w.org\/{rel}","templated":true}]}}